{"id":4638,"date":"2016-02-03T10:55:53","date_gmt":"2016-02-03T10:55:53","guid":{"rendered":"http:\/\/capethemes.com\/demo\/zmm\/land\/?page_id=4638"},"modified":"2017-11-10T10:01:36","modified_gmt":"2017-11-10T09:01:36","slug":"kontakt","status":"publish","type":"page","link":"http:\/\/www.kserkop.com\/blog\/kontakt\/","title":{"rendered":"Kontakt"},"content":{"rendered":"<div class=\"su-row\"><div class=\"su-column su-column-size-2-3\"><div class=\"su-column-inner su-u-clearfix su-u-trim\">\n<p>Skontaktuj si\u0119 z Redakcj\u0105 bloga Kserkop. Czekamy na uwagi i sugestie!<\/p>\n<div role=\"form\" class=\"wpcf7\" id=\"wpcf7-f5176-o1\" lang=\"pl-PL\" dir=\"ltr\">\n<div class=\"screen-reader-response\"><p role=\"status\" aria-live=\"polite\" aria-atomic=\"true\"><\/p> <ul><\/ul><\/div>\n<form action=\"\/blog\/wp-json\/wp\/v2\/pages\/4638#wpcf7-f5176-o1\" method=\"post\" class=\"wpcf7-form init\" novalidate=\"novalidate\" data-status=\"init\">\n<div style=\"display: none;\">\n<input type=\"hidden\" name=\"_wpcf7\" value=\"5176\" \/>\n<input type=\"hidden\" name=\"_wpcf7_version\" value=\"5.3.2\" \/>\n<input type=\"hidden\" name=\"_wpcf7_locale\" value=\"pl_PL\" \/>\n<input type=\"hidden\" name=\"_wpcf7_unit_tag\" value=\"wpcf7-f5176-o1\" \/>\n<input type=\"hidden\" name=\"_wpcf7_container_post\" value=\"0\" \/>\n<input type=\"hidden\" name=\"_wpcf7_posted_data_hash\" value=\"\" \/>\n<\/div>\n<p class=\"sixcol\">Imi\u0119 i nazwisko (wymagane)<br \/>\n            <span class=\"wpcf7-form-control-wrap user-name\"><input type=\"text\" name=\"user-name\" value=\"\" size=\"40\" class=\"wpcf7-form-control wpcf7-text wpcf7-validates-as-required\" aria-required=\"true\" aria-invalid=\"false\" \/><\/span> <\/p>\n<p class=\"sixcol last\">Email (wymagane)<br \/>\n            <span class=\"wpcf7-form-control-wrap user-email\"><input type=\"email\" name=\"user-email\" value=\"\" size=\"40\" class=\"wpcf7-form-control wpcf7-text wpcf7-email wpcf7-validates-as-required wpcf7-validates-as-email\" aria-required=\"true\" aria-invalid=\"false\" \/><\/span> <\/p>\n<p>Tre\u015b\u0107 wiadomo\u015bci<br \/>\n            <span class=\"wpcf7-form-control-wrap user-message\"><textarea name=\"user-message\" cols=\"40\" rows=\"10\" class=\"wpcf7-form-control wpcf7-textarea\" aria-invalid=\"false\"><\/textarea><\/span> <\/p>\n<p><input type=\"submit\" value=\"Wy\u015blij\" class=\"wpcf7-form-control wpcf7-submit\" \/><\/p>\n<div class=\"wpcf7-response-output\" aria-hidden=\"true\"><\/div><\/form><\/div>\n<\/div><\/div> <div class=\"su-column su-column-size-1-3\"><div class=\"su-column-inner su-u-clearfix su-u-trim\">\n<p><strong>Kserkop Sp. z\u00a0o.o.<\/strong><\/p>\n<p><span class=\"grame\">ul<\/span>. K\u0105towa 9<br \/>\n31-404 Krak\u00f3w<span class=\"grame\">,<\/span><\/p>\n<div class=\"su-gmap su-u-responsive-media-yes\"><iframe width=\"266\" height=\"420\" src=\"\/\/maps.google.com\/maps?q=K%C4%85towa%2B9%2C%2BKrak%C3%B3w%2BKserkop&amp;output=embed\" title=\"\"><\/iframe><\/div><\/div><\/div><\/div>\n<div class=\"kontakt-wrapper\">\n<div class=\"kontakt-element\">\n<h3>Kamil<br \/>\nGamrat<\/h3>\n<p><small>Doradca Handlowy<br \/>\nMa\u0142opolska, Krak\u00f3w<\/small><\/p>\n<p><a class=\"mail\" href=\"mailto:kg@kserkop.pl\">kg@kserkop.pl <\/a><br \/>\n<a class=\"tel\" href=\"tel:+48609506503\">609 506 503 <\/a><\/p>\n<\/div>\n<div class=\"kontakt-element\">\n<h3>Kazimierz<br \/>\nKotlarz<\/h3>\n<p><small>Doradca Handlowy<br \/>\nPodhale, Nowy Targ<\/small><\/p>\n<p><a class=\"mail\" href=\"mailto:kazimierz.kotlarz@kserkop.pl\">kazimierz.kotlarz@kserkop.pl <\/a><br \/>\n<a class=\"tel\" href=\"tel:+48697 90888\">697 990 888<\/a><\/p>\n<\/div>\n<div class=\"kontakt-element\">\n<h3>Joanna<br \/>\nSawicka<\/h3>\n<p><small>Z-ca Kierownika<br \/>\nObs\u0142uga zlece\u0144 serwisowych<\/small><\/p>\n<p><a class=\"mail\" href=\"mailto:joanna.sawicka@kserkop.pl\">joanna.sawicka@kserkop.pl<\/a><br \/>\n<a class=\"mail\" href=\"tel:+48601308703\">601 308 703<\/a><\/p>\n<\/div>\n<div class=\"kontakt-element\">\n<h3>Rados\u0142aw<br \/>\nWojtaniec<\/h3>\n<p><small>Informatyk<\/small><\/p>\n<p><a class=\"mail\" href=\"mailto:informatyk@kserkop.pl\">informatyk@kserkop.pl<\/a><br \/>\n<a class=\"mail\" href=\"tel:+48697990555\">697 990 555<\/a><\/p>\n<\/div>\n<div class=\"kontakt-element\">\n<h3>Wojciech<br \/>\nStawicki<\/h3>\n<p><small>Kierownik Serwisu<\/small><\/p>\n<p><a class=\"mail\" href=\"mailto:ws@kserkop.pl\">ws@kserkop.pl<\/a><br \/>\n<a class=\"mail\" href=\"tel:+48693623055\">693 623 055<\/a><\/p>\n<\/div>\n<div class=\"kontakt-element\">\n<h3>Ma\u0142gorzata<br \/>\nUramowska<\/h3>\n<p><small>Z-ca Kierownika<br \/>\nObs\u0142uga zlece\u0144 serwisowych<\/small><\/p>\n<p><a class=\"mail\" href=\"mailto:mu@kserkop.pl\">mu@kserkop.pl<\/a><br \/>\n<a class=\"mail\" href=\"tel:+48691946888\">691 946 888<\/a><\/p>\n<\/div>\n<\/div>\n","protected":false},"excerpt":{"rendered":"<p>Kamil Gamrat Doradca Handlowy Ma\u0142opolska, Krak\u00f3w kg@kserkop.pl 609 506 503 Kazimierz Kotlarz Doradca Handlowy Podhale, Nowy Targ kazimierz.kotlarz@kserkop.pl 697 990 888 Joanna Sawicka Z-ca Kierownika Obs\u0142uga zlece\u0144 serwisowych joanna.sawicka@kserkop.pl 601 308 703 Rados\u0142aw Wojtaniec Informatyk informatyk@kserkop.pl 697 990 555 Wojciech Stawicki Kierownik Serwisu ws@kserkop.pl 693 623 055 Ma\u0142gorzata Uramowska Z-ca Kierownika Obs\u0142uga zlece\u0144 serwisowych mu@kserkop.pl &hellip;<\/p>\n","protected":false},"author":1,"featured_media":0,"parent":0,"menu_order":0,"comment_status":"closed","ping_status":"closed","template":"template-fullwidth.php","meta":[],"yoast_head":"<!-- This site is optimized with the Yoast SEO plugin v15.8 - https:\/\/yoast.com\/wordpress\/plugins\/seo\/ -->\r\n<title>Kontakt - Kserkop | Blog<\/title>\r\n<meta name=\"robots\" content=\"index, follow, max-snippet:-1, max-image-preview:large, max-video-preview:-1\" \/>\r\n<link rel=\"canonical\" href=\"http:\/\/www.kserkop.com\/blog\/kontakt\/\" \/>\r\n<meta property=\"og:locale\" content=\"pl_PL\" \/>\r\n<meta property=\"og:type\" content=\"article\" \/>\r\n<meta property=\"og:title\" content=\"Kontakt - Kserkop | Blog\" \/>\r\n<meta property=\"og:description\" content=\"Kamil Gamrat Doradca Handlowy Ma\u0142opolska, Krak\u00f3w kg@kserkop.pl 609 506 503 Kazimierz Kotlarz Doradca Handlowy Podhale, Nowy Targ kazimierz.kotlarz@kserkop.pl 697 990 888 Joanna Sawicka Z-ca Kierownika Obs\u0142uga zlece\u0144 serwisowych joanna.sawicka@kserkop.pl 601 308 703 Rados\u0142aw Wojtaniec Informatyk informatyk@kserkop.pl 697 990 555 Wojciech Stawicki Kierownik Serwisu ws@kserkop.pl 693 623 055 Ma\u0142gorzata Uramowska Z-ca Kierownika Obs\u0142uga zlece\u0144 serwisowych mu@kserkop.pl &hellip;\" \/>\r\n<meta property=\"og:url\" content=\"http:\/\/www.kserkop.com\/blog\/kontakt\/\" \/>\r\n<meta property=\"og:site_name\" content=\"Kserkop | Blog\" \/>\r\n<meta property=\"article:modified_time\" content=\"2017-11-10T09:01:36+00:00\" \/>\r\n<meta name=\"twitter:card\" content=\"summary\" \/>\r\n<meta name=\"twitter:label1\" content=\"Est. reading time\">\n\t<meta name=\"twitter:data1\" content=\"1 minuta\">\r\n<script type=\"application\/ld+json\" class=\"yoast-schema-graph\">{\"@context\":\"https:\/\/schema.org\",\"@graph\":[{\"@type\":\"WebSite\",\"@id\":\"http:\/\/www.kserkop.com\/blog\/#website\",\"url\":\"http:\/\/www.kserkop.com\/blog\/\",\"name\":\"Kserkop | Blog\",\"description\":\"Piszemy o wielofunkcyjnych urz\\u0105dzeniach drukuj\\u0105cych, nowinkach technologicznych - od bran\\u017cy, ale nie tylko dla bran\\u017cy.\",\"potentialAction\":[{\"@type\":\"SearchAction\",\"target\":\"http:\/\/www.kserkop.com\/blog\/?s={search_term_string}\",\"query-input\":\"required name=search_term_string\"}],\"inLanguage\":\"pl-PL\"},{\"@type\":\"WebPage\",\"@id\":\"http:\/\/www.kserkop.com\/blog\/kontakt\/#webpage\",\"url\":\"http:\/\/www.kserkop.com\/blog\/kontakt\/\",\"name\":\"Kontakt - Kserkop | Blog\",\"isPartOf\":{\"@id\":\"http:\/\/www.kserkop.com\/blog\/#website\"},\"datePublished\":\"2016-02-03T10:55:53+00:00\",\"dateModified\":\"2017-11-10T09:01:36+00:00\",\"breadcrumb\":{\"@id\":\"http:\/\/www.kserkop.com\/blog\/kontakt\/#breadcrumb\"},\"inLanguage\":\"pl-PL\",\"potentialAction\":[{\"@type\":\"ReadAction\",\"target\":[\"http:\/\/www.kserkop.com\/blog\/kontakt\/\"]}]},{\"@type\":\"BreadcrumbList\",\"@id\":\"http:\/\/www.kserkop.com\/blog\/kontakt\/#breadcrumb\",\"itemListElement\":[{\"@type\":\"ListItem\",\"position\":1,\"item\":{\"@type\":\"WebPage\",\"@id\":\"http:\/\/www.kserkop.com\/blog\/\",\"url\":\"http:\/\/www.kserkop.com\/blog\/\",\"name\":\"Strona g\\u0142\\u00f3wna\"}},{\"@type\":\"ListItem\",\"position\":2,\"item\":{\"@type\":\"WebPage\",\"@id\":\"http:\/\/www.kserkop.com\/blog\/kontakt\/\",\"url\":\"http:\/\/www.kserkop.com\/blog\/kontakt\/\",\"name\":\"Kontakt\"}}]}]}<\/script>\r\n<!-- \/ Yoast SEO plugin. -->","_links":{"self":[{"href":"http:\/\/www.kserkop.com\/blog\/wp-json\/wp\/v2\/pages\/4638"}],"collection":[{"href":"http:\/\/www.kserkop.com\/blog\/wp-json\/wp\/v2\/pages"}],"about":[{"href":"http:\/\/www.kserkop.com\/blog\/wp-json\/wp\/v2\/types\/page"}],"author":[{"embeddable":true,"href":"http:\/\/www.kserkop.com\/blog\/wp-json\/wp\/v2\/users\/1"}],"replies":[{"embeddable":true,"href":"http:\/\/www.kserkop.com\/blog\/wp-json\/wp\/v2\/comments?post=4638"}],"version-history":[{"count":7,"href":"http:\/\/www.kserkop.com\/blog\/wp-json\/wp\/v2\/pages\/4638\/revisions"}],"predecessor-version":[{"id":5564,"href":"http:\/\/www.kserkop.com\/blog\/wp-json\/wp\/v2\/pages\/4638\/revisions\/5564"}],"wp:attachment":[{"href":"http:\/\/www.kserkop.com\/blog\/wp-json\/wp\/v2\/media?parent=4638"}],"curies":[{"name":"wp","href":"https:\/\/api.w.org\/{rel}","templated":true}]}}